{"id":47901,"date":"2026-04-13T13:37:41","date_gmt":"2026-04-13T13:37:41","guid":{"rendered":"https:\/\/agartb2b.eu\/product\/detske-zrcadlo-disney-medvidek-pu-dm-2100\/"},"modified":"2026-04-15T10:01:19","modified_gmt":"2026-04-15T10:01:19","slug":"detske-zrcadlo-disney-medvidek-pu-dm-2100","status":"publish","type":"product","link":"https:\/\/agartb2b.eu\/cs\/produkt\/detske-zrcadlo-disney-medvidek-pu-dm-2100\/","title":{"rendered":"D\u011btsk\u00e9 zrcadlo Disney Medv\u00eddek P\u00fa, DM 2100"},"content":{"rendered":"","protected":false},"excerpt":{"rendered":"","protected":false},"featured_media":47900,"template":"","meta":[],"product_brand":[],"product_cat":[619],"product_tag":[],"class_list":{"0":"post-47901","1":"product","2":"type-product","3":"status-publish","4":"has-post-thumbnail","6":"product_cat-zrcadla","7":"pa_design-disney","8":"pa_design-kids","9":"pa_design-pro-deti","10":"pa_in-stock-skladem","11":"pa_material-samolepici","13":"first","14":"instock","15":"taxable","16":"shipping-taxable","17":"product-type-simple"},"_links":{"self":[{"href":"https:\/\/agartb2b.eu\/cs\/wp-json\/wp\/v2\/product\/47901","targetHints":{"allow":["GET"]}}],"collection":[{"href":"https:\/\/agartb2b.eu\/cs\/wp-json\/wp\/v2\/product"}],"about":[{"href":"https:\/\/agartb2b.eu\/cs\/wp-json\/wp\/v2\/types\/product"}],"version-history":[{"count":1,"href":"https:\/\/agartb2b.eu\/cs\/wp-json\/wp\/v2\/product\/47901\/revisions"}],"predecessor-version":[{"id":47902,"href":"https:\/\/agartb2b.eu\/cs\/wp-json\/wp\/v2\/product\/47901\/revisions\/47902"}],"wp:featuredmedia":[{"embeddable":true,"href":"https:\/\/agartb2b.eu\/cs\/wp-json\/wp\/v2\/media\/47900"}],"wp:attachment":[{"href":"https:\/\/agartb2b.eu\/cs\/wp-json\/wp\/v2\/media?parent=47901"}],"wp:term":[{"taxonomy":"product_brand","embeddable":true,"href":"https:\/\/agartb2b.eu\/cs\/wp-json\/wp\/v2\/product_brand?post=47901"},{"taxonomy":"product_cat","embeddable":true,"href":"https:\/\/agartb2b.eu\/cs\/wp-json\/wp\/v2\/product_cat?post=47901"},{"taxonomy":"product_tag","embeddable":true,"href":"https:\/\/agartb2b.eu\/cs\/wp-json\/wp\/v2\/product_tag?post=47901"}],"curies":[{"name":"wp","href":"https:\/\/api.w.org\/{rel}","templated":true}]}}