{"id":46153,"date":"2026-04-06T09:28:31","date_gmt":"2026-04-06T09:28:31","guid":{"rendered":"https:\/\/agartb2b.eu\/product\/sada-oboustrannych-plakatu-prasatko-peppa-2-x-a3-4-x-a4-dp6351385\/"},"modified":"2026-04-15T10:01:18","modified_gmt":"2026-04-15T10:01:18","slug":"sada-oboustrannych-plakatu-prasatko-peppa-2-x-a3-4-x-a4-dp6351385","status":"publish","type":"product","link":"https:\/\/agartb2b.eu\/cs\/produkt\/sada-oboustrannych-plakatu-prasatko-peppa-2-x-a3-4-x-a4-dp6351385\/","title":{"rendered":"Sada oboustrann\u00fdch plak\u00e1t\u016f Pras\u00e1tko Peppa | 2 x A3, 4 x A4 | P6 351385"},"content":{"rendered":"<h3><strong>Sada Plakatu<\/strong><\/h3>\n<h3>Oboustrann\u00fd Tisk<\/h3>\n<p>Ka\u017ed\u00fd plak\u00e1t je poti\u0161t\u011bn z obou stran, co\u017e nab\u00edz\u00ed spoustu mo\u017enosti um\u00edst\u011bn\u00ed, kter\u00e9 se budou hodit k va\u0161emu interi\u00e9ru. Po\u0159i\u010fte si 2 sady plak\u00e1t\u016f za cenu 1. V\u00edce ne\u017e 20 r\u016fzn\u00fdch designov\u00fdch kombinac\u00ed!<\/p>\n<h3>\u00dachvatn\u00e1 Kompozice Designu<\/h3>\n<p>Str\u00e1vili jsme \u010das navrhov\u00e1n\u00edm, abyste vy nemuseli! Pe\u010dliv\u011b jsme vytvo\u0159ili kompozici motiv\u016f tak, abyste nemuseli tr\u00e1vit \u010das hled\u00e1n\u00edm jednotliv\u00fdch lad\u00edc\u00edch plak\u00e1t\u016f.<\/p>\n<h3>Vysoce Kvalitn\u00ed Pap\u00edr<\/h3>\n<p>Vyrobeno na speci\u00e1ln\u00edm 300 g\/m\u00b2 pr\u00e9miov\u00e9m pap\u00edru s pololeskl\u00fdm povrchem. Sada 6 plak\u00e1t\u016f (bez r\u00e1me\u010dku): 4 x A3 a 2 x A4 &#8211; p\u0159ibli\u017en\u011b 30 x 42 cm a 30 x 21 cm.<\/p>\n<h3>\u017div\u00e9 Barvy<\/h3>\n<p>Pou\u017eit\u00ed pokro\u010dil\u00e9 tiskov\u00e9 technologie zaji\u0161\u0165uje syt\u00e9 a dlouhotrvaj\u00edc\u00ed barvy, kter\u00e9 nevyblednou. Ti\u0161t\u011bno ekologick\u00fdmi a \u0161etrn\u00fdmi barvami, kter\u00e9 jsou bezpe\u010dn\u00e9 pro pou\u017eit\u00ed v interi\u00e9ru.<\/p>\n<h3>Perfektn\u00ed pro Jak\u00fdkoli Prostor<\/h3>\n<p>Ide\u00e1ln\u00ed pro lo\u017enice, ob\u00fdvac\u00ed pokoje, kancel\u00e1\u0159e, u\u010debny \u010di kancel\u00e1\u0159e.<\/p>\n<h3>D\u00e1rkov\u00e9 Balen\u00ed<\/h3>\n<p>Doru\u010deno v atraktivn\u00edm a pevn\u00e9m balen\u00ed &#8211; perfektn\u00ed d\u00e1rek pro p\u0159\u00e1tele a rodinu.<\/p>\n<h3>R\u00e1me\u010dek nen\u00ed Sou\u010d\u00e1st\u00ed<\/h3>\n<p>R\u00e1me\u010dky nejsou sou\u010d\u00e1st\u00ed t\u00e9to sady, abyste si v na\u0161em obchod\u011b mohli vybrat svou obl\u00edbenou barvu r\u00e1me\u010dku.<\/p>\n","protected":false},"excerpt":{"rendered":"<p>Z\u00e1bavn\u00fd a snadn\u00fd zp\u016fsob, jak p\u0159idat v\u00fdraznou barvu nebo o\u017eivit jak\u00fdkoli pokoj, tento pol\u0161t\u00e1\u0159ek je dokonal\u00fdm dekora\u010dn\u00edm prvkem.<\/p>\n","protected":false},"featured_media":46152,"template":"","meta":[],"product_brand":[],"product_cat":[527],"product_tag":[],"class_list":{"0":"post-46153","1":"product","2":"type-product","3":"status-publish","4":"has-post-thumbnail","6":"product_cat-plakaty","7":"pa_design-peppa-pig","8":"pa_design-prasatko-peppa","9":"pa_in-stock-in_stock","10":"pa_in-stock-skladem","11":"pa_material-papir","13":"first","14":"instock","15":"taxable","16":"shipping-taxable","17":"product-type-simple"},"_links":{"self":[{"href":"https:\/\/agartb2b.eu\/cs\/wp-json\/wp\/v2\/product\/46153","targetHints":{"allow":["GET"]}}],"collection":[{"href":"https:\/\/agartb2b.eu\/cs\/wp-json\/wp\/v2\/product"}],"about":[{"href":"https:\/\/agartb2b.eu\/cs\/wp-json\/wp\/v2\/types\/product"}],"version-history":[{"count":2,"href":"https:\/\/agartb2b.eu\/cs\/wp-json\/wp\/v2\/product\/46153\/revisions"}],"predecessor-version":[{"id":47183,"href":"https:\/\/agartb2b.eu\/cs\/wp-json\/wp\/v2\/product\/46153\/revisions\/47183"}],"wp:featuredmedia":[{"embeddable":true,"href":"https:\/\/agartb2b.eu\/cs\/wp-json\/wp\/v2\/media\/46152"}],"wp:attachment":[{"href":"https:\/\/agartb2b.eu\/cs\/wp-json\/wp\/v2\/media?parent=46153"}],"wp:term":[{"taxonomy":"product_brand","embeddable":true,"href":"https:\/\/agartb2b.eu\/cs\/wp-json\/wp\/v2\/product_brand?post=46153"},{"taxonomy":"product_cat","embeddable":true,"href":"https:\/\/agartb2b.eu\/cs\/wp-json\/wp\/v2\/product_cat?post=46153"},{"taxonomy":"product_tag","embeddable":true,"href":"https:\/\/agartb2b.eu\/cs\/wp-json\/wp\/v2\/product_tag?post=46153"}],"curies":[{"name":"wp","href":"https:\/\/api.w.org\/{rel}","templated":true}]}}