{"id":44843,"date":"2026-04-06T08:55:28","date_gmt":"2026-04-06T08:55:28","guid":{"rendered":"https:\/\/agartb2b.eu\/product\/detska-vliesova-fototapeta-na-zed-dzungle-155-x-110-cm-ftdnm-5285\/"},"modified":"2026-04-14T07:53:19","modified_gmt":"2026-04-14T07:53:19","slug":"detska-vliesova-fototapeta-na-zed-dzungle-155-x-110-cm-ftdnm-5285","status":"publish","type":"product","link":"https:\/\/agartb2b.eu\/cs\/produkt\/detska-vliesova-fototapeta-na-zed-dzungle-155-x-110-cm-ftdnm-5285\/","title":{"rendered":"D\u011btsk\u00e1 vliesov\u00e1 fototapeta na zed&#8216; D\u017eungle | 155 x 110 cm | FTDNM 5285"},"content":{"rendered":"<h2><strong>Fototapeta na zed&#8216;<\/strong><\/h2>\n<p>Vytvo\u0159te si \u00fa\u017easn\u00fd interi\u00e9r s na\u0161\u00ed kolekc\u00ed fototapet. Ty jsou skv\u011bl\u00fdm zp\u016fsobem, jak zkr\u00e1\u0161lit a o\u017eivit jak\u00fdkoli prostor. Na\u0161e pe\u010dliv\u011b vyroben\u00e9 fototapety jsou dokonalou kombinac\u00ed um\u011bn\u00ed a kvality a jsou navr\u017een\u00e9 tak, aby va\u0161e zdi prom\u011bnily v \u00fachvatnou pod\u00edvanou. Tou\u017e\u00edte po klidn\u00e9 p\u0159\u00edrodn\u00ed krajin\u011b, nebo \u00fachvatn\u00e9m v\u00fdhledu na panorama m\u011bsta? Vychutnejte si ohromuj\u00edc\u00ed vizu\u00e1ln\u00ed z\u00e1\u017eitek z\u00a0pohodl\u00ed sv\u00e9ho domova a dejte sv\u00e9 p\u0159edstavivosti volnost s\u00a0na\u0161\u00ed kolekc\u00ed design\u016f.<\/p>\n<h3><strong>Design, kter\u00fd inspiruje<\/strong><\/h3>\n<p>Objevte rozmanitost design\u016f a styl\u016f. A\u0165 u\u017e hled\u00e1te klidn\u00e9 p\u0159\u00edrodn\u00ed prost\u0159ed\u00ed, abstraktn\u00ed kompozici nebo \u00fachvatn\u00fd v\u00fdhled na m\u011bsto, na\u0161e kolekce m\u00e1 n\u011bco pro ka\u017ed\u00e9ho. Na\u0161e designov\u00e9 studio ka\u017ed\u00fd z design\u016f pe\u010dliv\u011b vytvo\u0159ilo tak, aby jak\u00e9koli m\u00edstnosti dodal n\u00e1dech elegance a sofistikovanosti. Nab\u00edz\u00edme tak\u00e9 \u0161irokou \u0161k\u00e1lu textiln\u00edch produkt\u016f, kter\u00e9 na\u0161i kolekci fototapet dopl\u0148uj\u00ed a p\u0159idaj\u00ed decentn\u00ed akcent va\u0161emu interi\u00e9ru.<\/p>\n<h3><strong>V\u00fdjime\u010dn\u00e1 kvalita<\/strong><\/h3>\n<p>Jsme hrd\u00ed na v\u00fdjime\u010dnou kvalitu na\u0161ich fototapet. Vyr\u00e1b\u011bn\u00e9 z ekologick\u00fdch a odoln\u00fdch materi\u00e1l\u016f s vysokou kvalitou tisku, tyto tapety jsou vytvo\u0159eny tak, aby odol\u00e1valy vyblednut\u00ed a opot\u0159eben\u00ed. V\u00edce ne\u017e 20 let zku\u0161enost\u00ed n\u00e1m umo\u017e\u0148uje nab\u00edzet produkty prvot\u0159\u00eddn\u00ed kvality za rozumnou cenu. Jejich syt\u00e9 barvy a detaily dodaj\u00ed va\u0161im zdem \u017eivot a zajist\u00ed jejich dlouhotrvaj\u00edc\u00ed estetick\u00fd vzhled.<\/p>\n<h3><strong>Pr\u00e9miov\u00e9 materi\u00e1ly<\/strong><\/h3>\n<p>Na\u0161e snaha o dokonalost zahrnuje i materi\u00e1ly pou\u017e\u00edvan\u00e9 k v\u00fdrob\u011b fototapet. Abychom zajistili tu nejvy\u0161\u0161\u00ed kvalitu, d\u00e1v\u00e1me p\u0159ednost evropsk\u00fdm ekologick\u00fdm materi\u00e1l\u016fm. Od vlies\u016f z udr\u017eiteln\u00fdch zdroj\u016f a\u017e po netoxick\u00e9 inkousty \u2013 na\u0161e materi\u00e1ly jsou nejen kr\u00e1sn\u00e9, ale tak\u00e9 \u0161etrn\u00e9 k \u017eivotn\u00edmu prost\u0159ed\u00ed. S na\u0161\u00edm speci\u00e1ln\u00edm hladk\u00fdm vliesem bez z\u00e1pachu si m\u016f\u017eete u\u017e\u00edvat klidu pramen\u00edc\u00edho z v\u011bdom\u00ed, \u017ee va\u0161e fototapeta byla vytvo\u0159ena zodpov\u011bdn\u011b.<\/p>\n<h3><strong>Certifikace FSC<\/strong><\/h3>\n<p>Py\u0161n\u00edme se tak\u00e9 <a href=\"https:\/\/agartb2b.eu\/certification\/\"><strong>certifikac\u00ed FSC<\/strong><\/a>, kter\u00e1 je d\u016fkazem na\u0161eho \u00fasil\u00ed o udr\u017eitelnost a zodpov\u011bdn\u00e9 z\u00edsk\u00e1v\u00e1n\u00ed surovin, ani\u017e bychom museli slevit z kvality na\u0161ich v\u00fdrobk\u016f. V\u00fdb\u011brem na\u0161ich fototapet p\u0159isp\u00edv\u00e1te k zachov\u00e1n\u00ed na\u0161ich les\u016f a podporujete ekologick\u00fd p\u0159\u00edstup. M\u00e1te jistotu, \u017ee sv\u00fdm n\u00e1kupem nejen ozdob\u00edte v\u00e1\u0161 interi\u00e9r, ale tak\u00e9 pom\u016f\u017eete ochr\u00e1nit na\u0161i planetu pro budouc\u00ed generace.<\/p>\n<h3><strong>Instalace je hra\u010dka<\/strong><\/h3>\n<p>D\u00edky jejich bezprobl\u00e9mov\u00e9 aplikaci na ze\u010f m\u016f\u017ee na\u0161imi tapetami sv\u016fj interi\u00e9r o\u017eivit kdokoli. Nepot\u0159ebujete \u017e\u00e1dn\u00e9 slo\u017eit\u00e9 n\u00e1stroje ani odborn\u00e9 dovednosti. Snadn\u00fdm procesem lepen\u00ed v\u00e1s krok za krokem provede n\u00e1\u0161 <a href=\"https:\/\/agartb2b.eu\/installation-guide\/\"><strong>podrobn\u00fd n\u00e1vod<\/strong><\/a> zaji\u0161\u0165ujic\u00ed hladkou instalaci bez n\u00e1mahy\u00a0a vy se tak co nevid\u011bt budete moci radovat z\u00a0nov\u00e9ho vzhledu sv\u00e9ho interi\u00e9ru.<\/p>\n<p>O\u017eivte sv\u016fj interi\u00e9r pomoc\u00ed na\u0161ich tapet. A\u0165 u\u017e p\u0159ed\u011bl\u00e1v\u00e1te sv\u016fj domov, kancel\u00e1\u0159 \u010di jak\u00fdkoli jin\u00fd prostor, fototapety nab\u00edzej\u00ed dokonalou kombinaci estetiky, kvality a ekologick\u00e9 \u0161etrnosti.<\/p>\n<p>Pokud m\u00e1te jak\u00e9koliv dotazy, nev\u00e1hejte a <a href=\"https:\/\/agartb2b.eu\/contact-us\/\"><strong>kontaktujte n\u00e1s,<\/strong><\/a> r\u00e1di V\u00e1m porad\u00edme.<\/p>\n","protected":false},"excerpt":{"rendered":"<p>Fototapeta na zed&#8216; je skv\u011bl\u00fdm a snadn\u00fdm zp\u016fsobem, jak o\u017eivit jak\u00fdkoli interi\u00e9r kr\u00e1sn\u00fdmi designy a u\u017e\u00edvat si \u00fachvatn\u00fd pohled z pohodl\u00ed va\u0161eho domova.<\/p>\n","protected":false},"featured_media":44842,"template":"","meta":[],"product_brand":[],"product_cat":[486,472,389,456,487,463,391],"product_tag":[],"class_list":{"0":"post-44843","1":"product","2":"type-product","3":"status-publish","4":"has-post-thumbnail","6":"product_cat-110-x-155-cm","7":"product_cat-cernobile","8":"product_cat-fototapety","9":"product_cat-non-woven-wall-murals","10":"product_cat-posters-wall-murals","11":"product_cat-sede-tapety","12":"product_cat-vlies-tapety","13":"pa_design-originaly","14":"pa_material-vlies","16":"first","17":"instock","18":"taxable","19":"shipping-taxable","20":"product-type-simple"},"_links":{"self":[{"href":"https:\/\/agartb2b.eu\/cs\/wp-json\/wp\/v2\/product\/44843","targetHints":{"allow":["GET"]}}],"collection":[{"href":"https:\/\/agartb2b.eu\/cs\/wp-json\/wp\/v2\/product"}],"about":[{"href":"https:\/\/agartb2b.eu\/cs\/wp-json\/wp\/v2\/types\/product"}],"version-history":[{"count":1,"href":"https:\/\/agartb2b.eu\/cs\/wp-json\/wp\/v2\/product\/44843\/revisions"}],"predecessor-version":[{"id":44845,"href":"https:\/\/agartb2b.eu\/cs\/wp-json\/wp\/v2\/product\/44843\/revisions\/44845"}],"wp:featuredmedia":[{"embeddable":true,"href":"https:\/\/agartb2b.eu\/cs\/wp-json\/wp\/v2\/media\/44842"}],"wp:attachment":[{"href":"https:\/\/agartb2b.eu\/cs\/wp-json\/wp\/v2\/media?parent=44843"}],"wp:term":[{"taxonomy":"product_brand","embeddable":true,"href":"https:\/\/agartb2b.eu\/cs\/wp-json\/wp\/v2\/product_brand?post=44843"},{"taxonomy":"product_cat","embeddable":true,"href":"https:\/\/agartb2b.eu\/cs\/wp-json\/wp\/v2\/product_cat?post=44843"},{"taxonomy":"product_tag","embeddable":true,"href":"https:\/\/agartb2b.eu\/cs\/wp-json\/wp\/v2\/product_tag?post=44843"}],"curies":[{"name":"wp","href":"https:\/\/api.w.org\/{rel}","templated":true}]}}