{"id":44236,"date":"2026-04-06T07:22:05","date_gmt":"2026-04-06T07:22:05","guid":{"rendered":"https:\/\/agartb2b.eu\/product\/zaves-disney-mickey-a-pratele-180-x-160-cm-fcsxl-4307\/"},"modified":"2026-04-14T14:36:18","modified_gmt":"2026-04-14T14:36:18","slug":"zaves-disney-mickey-a-pratele-180-x-160-cm-fcsxl-4307","status":"publish","type":"product","link":"https:\/\/agartb2b.eu\/cs\/produkt\/zaves-disney-mickey-a-pratele-180-x-160-cm-fcsxl-4307\/","title":{"rendered":"Z\u00e1v\u011bs Disney Mickey a p\u0159\u00e1tel\u00e9 | 180 x 160 cm | FCSXL 4307"},"content":{"rendered":"<p>Fotografick\u00e9 z\u00e1v\u011bsy jsou skv\u011bl\u00fd a snadn\u00fd zp\u016fsob, jak o\u017eivit jak\u00fdkoli interi\u00e9r kr\u00e1sn\u00fdmi designy a chr\u00e1nit ho p\u0159ed p\u0159\u00edm\u00fdm slune\u010dn\u00edm sv\u011btlem. Z\u00e1v\u011bsy od AG Design jsou vyrobeny z materi\u00e1lu z jemn\u00e9ho matn\u00e9ho polyesteru o v\u00e1ze 240 gram\u016f, kter\u00fd zastav\u00ed t\u00e9m\u011b\u0159 ve\u0161ker\u00e9 slune\u010dn\u00ed sv\u011btlo a p\u0159inese tichou atmosf\u00e9ru klidu do va\u0161eho interi\u00e9ru. V\u0161echny z\u00e1v\u011bsy jsou snadno udr\u017eovateln\u00e9 a s \u010dasem neblednou. Jsou snadno a rychle instalatovateln\u00e9 d\u00edky inovativn\u00edmu mont\u00e1\u017en\u00edmu syst\u00e9mu, kter\u00fd je vhodn\u00fd pro v\u0161echny typy z\u00e1v\u011bsn\u00fdch ty\u010d\u00ed. Balen\u00ed obsahuje 8\/10\/16 kus\u016f plastov\u00fdch h\u00e1\u010dk\u016f.<br \/>\nZ\u00e1v\u011bsn\u00e1 ty\u010d nen\u00ed sou\u010d\u00e1st\u00ed nab\u00eddky.<\/p>\n<p>\u2713 DESIGN &#8211; P\u016fvodn\u00ed design od spole\u010dnosti AG Design, blokuje 99% sv\u011btla a 100% UV paprsk\u016f, nep\u0159ekonateln\u00e1 kvalita dekorace, doporu\u010deno pro d\u011btsk\u00e9 pokoje, 100% vyrobeno v EU. Lze pou\u017e\u00edt samostatn\u011b nebo v kombinaci s pol\u0161t\u00e1\u0159i AG Design.<br \/>\n\u2713 TISK \u2013 Jasn\u00e9 a bohat\u00e9 barvy d\u00edky kvalitn\u00edmu digit\u00e1ln\u00edmu tisku. \u010casem nevybled\u00e1vaj\u00ed.<br \/>\n\u2713 MATERI\u00c1L &#8211; 100% ekologicky \u0161etrn\u00fd PES, neobsahuje nebezpe\u010dn\u00e9 l\u00e1tky, nekumuluje prach ani vlhkost, doporu\u010deno pro d\u011bti a lidi s alergiemi, certifikov\u00e1no.<br \/>\n\u2713 IDE\u00c1LN\u00cd DEKORACE &#8211; Tento modern\u00ed rozm\u011br 140 x 245 cm, 1 d\u00edl lze rychle nainstalovat na v\u0161echny druhy z\u00e1v\u011bsn\u00fdch ty\u010d\u00ed.<br \/>\n\u2713 JEDNODUCH\u00c1 INSTALACE &#8211; Rychl\u00e1 a snadn\u00e1 instalace d\u00edky p\u0159ilo\u017een\u00fdm \u0161ed\u00fdm plastov\u00fdm h\u00e1\u010dk\u016fm pro mont\u00e1\u017en\u00ed syst\u00e9m. Bezstarostn\u00e1 \u00fadr\u017eba, snadn\u00e9 pran\u00ed a \u010di\u0161t\u011bn\u00ed (n\u00e1vod na obalu).<\/p>\n","protected":false},"excerpt":{"rendered":"<p>Fotografick\u00e9 z\u00e1v\u011bsy jsou skv\u011bl\u00fdm a snadn\u00fdm zp\u016fsobem, jak o\u017eivit jak\u00fdkoli interi\u00e9r kr\u00e1sn\u00fdmi designy a chr\u00e1nit jej p\u0159ed p\u0159\u00edm\u00fdm slune\u010dn\u00edm sv\u011btlem.<\/p>\n","protected":false},"featured_media":44235,"template":"","meta":[],"product_brand":[],"product_cat":[441,442],"product_tag":[],"class_list":{"0":"post-44236","1":"product","2":"type-product","3":"status-publish","4":"has-post-thumbnail","6":"product_cat-zavesy","7":"product_cat-zavesy-pro-deti","8":"pa_design-disney","9":"pa_design-kids","10":"pa_material-polyester","11":"pa_size-180-cm-x-160-cm","13":"first","14":"instock","15":"taxable","16":"shipping-taxable","17":"product-type-simple"},"_links":{"self":[{"href":"https:\/\/agartb2b.eu\/cs\/wp-json\/wp\/v2\/product\/44236","targetHints":{"allow":["GET"]}}],"collection":[{"href":"https:\/\/agartb2b.eu\/cs\/wp-json\/wp\/v2\/product"}],"about":[{"href":"https:\/\/agartb2b.eu\/cs\/wp-json\/wp\/v2\/types\/product"}],"version-history":[{"count":1,"href":"https:\/\/agartb2b.eu\/cs\/wp-json\/wp\/v2\/product\/44236\/revisions"}],"predecessor-version":[{"id":44239,"href":"https:\/\/agartb2b.eu\/cs\/wp-json\/wp\/v2\/product\/44236\/revisions\/44239"}],"wp:featuredmedia":[{"embeddable":true,"href":"https:\/\/agartb2b.eu\/cs\/wp-json\/wp\/v2\/media\/44235"}],"wp:attachment":[{"href":"https:\/\/agartb2b.eu\/cs\/wp-json\/wp\/v2\/media?parent=44236"}],"wp:term":[{"taxonomy":"product_brand","embeddable":true,"href":"https:\/\/agartb2b.eu\/cs\/wp-json\/wp\/v2\/product_brand?post=44236"},{"taxonomy":"product_cat","embeddable":true,"href":"https:\/\/agartb2b.eu\/cs\/wp-json\/wp\/v2\/product_cat?post=44236"},{"taxonomy":"product_tag","embeddable":true,"href":"https:\/\/agartb2b.eu\/cs\/wp-json\/wp\/v2\/product_tag?post=44236"}],"curies":[{"name":"wp","href":"https:\/\/api.w.org\/{rel}","templated":true}]}}