{"id":43732,"date":"2026-04-06T06:36:23","date_gmt":"2026-04-06T06:36:23","guid":{"rendered":"https:\/\/agartb2b.eu\/product\/polstarek-disney-lvi-hlidka-40-x-40-cm-cnd-3116\/"},"modified":"2026-04-14T14:36:14","modified_gmt":"2026-04-14T14:36:14","slug":"polstarek-disney-lvi-hlidka-40-x-40-cm-cnd-3116","status":"publish","type":"product","link":"https:\/\/agartb2b.eu\/cs\/produkt\/polstarek-disney-lvi-hlidka-40-x-40-cm-cnd-3116\/","title":{"rendered":"Pol\u0161t\u00e1\u0159ek Disney Lv\u00ed hl\u00eddka | 40 x 40 cm | CND 3116"},"content":{"rendered":"<p>Z\u00e1bavn\u00fd a snadn\u00fd zp\u016fsob, jak p\u0159idat v\u00fdraznou barvu nebo o\u017eivit jak\u00fdkoli pokoj s t\u00edmto pol\u0161t\u00e1\u0159kem s atraktivn\u00edm designem. S t\u00edmto dekora\u010dn\u00edm pol\u0161t\u00e1\u0159kem si v okam\u017eiku si m\u016f\u017eete ozdobit postel, gau\u010d nebo k\u0159eslo.<br \/>\nVyroben\u00e9 ze speci\u00e1ln\u00edho polyesteru &#8211; tyto pol\u0161t\u00e1\u0159ky jsou skv\u011bl\u00fdm dopl\u0148kem do jak\u00e9hokoli interi\u00e9ru.<\/p>\n<p>\u2713 DESIGN \u2013 Oboustrann\u00fd origin\u00e1ln\u00ed design od spole\u010dnosti AG Design, skv\u011bl\u00e1 kvalita dekorace, doporu\u010den\u00e1 pro d\u011btsk\u00e9 pokoje.<br \/>\n\u2713 TISK \u2013 Syt\u00e9 a jasn\u00e9 barvy d\u00edky nejmodern\u011bj\u0161\u00ed digit\u00e1ln\u00ed tiskov\u00e9 technologii.<br \/>\n\u2713 MATERI\u00c1L \u2013 100% ekologicky \u0161etrn\u00fd PES, neobsahuje nebezpe\u010dn\u00e9 l\u00e1tky, nekumuluje prach ani vlhkost, doporu\u010den\u00fd pro d\u011bti a alergiky, certifikovan\u00fd.<br \/>\n\u2713 IDE\u00c1LN\u00cd DEKORACE \u2013 O\u017eivte jak\u00fdkoli interi\u00e9r b\u011bhem p\u00e1r sekund s t\u011bmito n\u00e1dhern\u00fdmi pol\u0161t\u00e1\u0159ky. V\u010detn\u011b v\u00fdpln\u011b z \u010dist\u00e9ho vl\u00e1kna.<br \/>\n\u2713 JEDNODUCH\u00c1 \u00daDR\u017dBA \u2013 Snadno ru\u010dn\u011b prateln\u00e9 na 30\u00b0C (n\u00e1vod na obalu).<br \/>\n\u2713 KVALITA \u2013 Na 100% vyrobeno v \u010cR.<\/p>\n","protected":false},"excerpt":{"rendered":"<p>Z\u00e1bavn\u00fd a snadn\u00fd zp\u016fsob, jak p\u0159idat v\u00fdraznou barvu nebo o\u017eivit jak\u00fdkoli pokoj, tento pol\u0161t\u00e1\u0159ek je dokonal\u00fdm dekora\u010dn\u00edm prvkem.<\/p>\n","protected":false},"featured_media":43731,"template":"","meta":[],"product_brand":[],"product_cat":[440],"product_tag":[],"class_list":{"0":"post-43732","1":"product","2":"type-product","3":"status-publish","4":"has-post-thumbnail","6":"product_cat-polstarky-pro-deti","7":"pa_design-disney","8":"pa_design-kids","9":"pa_size-40-cm-x-40-cm","11":"first","12":"instock","13":"taxable","14":"shipping-taxable","15":"product-type-simple"},"_links":{"self":[{"href":"https:\/\/agartb2b.eu\/cs\/wp-json\/wp\/v2\/product\/43732","targetHints":{"allow":["GET"]}}],"collection":[{"href":"https:\/\/agartb2b.eu\/cs\/wp-json\/wp\/v2\/product"}],"about":[{"href":"https:\/\/agartb2b.eu\/cs\/wp-json\/wp\/v2\/types\/product"}],"version-history":[{"count":1,"href":"https:\/\/agartb2b.eu\/cs\/wp-json\/wp\/v2\/product\/43732\/revisions"}],"predecessor-version":[{"id":43735,"href":"https:\/\/agartb2b.eu\/cs\/wp-json\/wp\/v2\/product\/43732\/revisions\/43735"}],"wp:featuredmedia":[{"embeddable":true,"href":"https:\/\/agartb2b.eu\/cs\/wp-json\/wp\/v2\/media\/43731"}],"wp:attachment":[{"href":"https:\/\/agartb2b.eu\/cs\/wp-json\/wp\/v2\/media?parent=43732"}],"wp:term":[{"taxonomy":"product_brand","embeddable":true,"href":"https:\/\/agartb2b.eu\/cs\/wp-json\/wp\/v2\/product_brand?post=43732"},{"taxonomy":"product_cat","embeddable":true,"href":"https:\/\/agartb2b.eu\/cs\/wp-json\/wp\/v2\/product_cat?post=43732"},{"taxonomy":"product_tag","embeddable":true,"href":"https:\/\/agartb2b.eu\/cs\/wp-json\/wp\/v2\/product_tag?post=43732"}],"curies":[{"name":"wp","href":"https:\/\/api.w.org\/{rel}","templated":true}]}}