{"id":43084,"date":"2026-04-02T16:23:19","date_gmt":"2026-04-02T16:23:19","guid":{"rendered":"https:\/\/agartb2b.eu\/product\/detska-samolepka-na-zed-harry-potter-kouzelne-bradavice-42-5-x-65-cm-dk-1655\/"},"modified":"2026-04-13T12:26:45","modified_gmt":"2026-04-13T12:26:45","slug":"detska-samolepka-na-zed-harry-potter-kouzelne-bradavice-42-5-x-65-cm-dk-1655","status":"publish","type":"product","link":"https:\/\/agartb2b.eu\/cs\/produkt\/detska-samolepka-na-zed-harry-potter-kouzelne-bradavice-42-5-x-65-cm-dk-1655\/","title":{"rendered":"D\u011btsk\u00e1 samolepka na ze\u010f Harry Potter Kouzeln\u00e9 Bradavice | 42.5 x 65 cm | DK 1655"},"content":{"rendered":"<h3><strong>N\u00e1lepky na ze\u010f <\/strong><\/h3>\n<p>P\u0159edstavujeme V\u00e1m na\u0161i kolekci n\u00e1lepek na ze\u010f \u2013 rychl\u00fd a jednoduch\u00fd zp\u016fsob, jak vn\u00e9st do jak\u00e9hokoliv prostoru energii a p\u016fvab. N\u00e1lepky jsme vytvo\u0159ili s\u202fd\u016frazem na detail a p\u0159ita\u017eliv\u00e1 t\u00e9mata, bez pot\u00ed\u017e\u00ed je proto lze sladit s\u202fjak\u00fdmkoli interi\u00e9rov\u00fdm designem a jejich jasn\u00fd akcent p\u0159isp\u011bje k\u202fpozvednut\u00ed atmosf\u00e9ry prost\u0159ed\u00ed. Na\u0161e rozmanit\u00e1 nab\u00eddka design\u016f nab\u00edzej\u00edc\u00ed v\u0161e od geometrick\u00fdch vzorc\u016f a\u017e po abstraktn\u00ed motivy a \u017eiv\u00e9 kompozice zaru\u010duje, \u017ee si vybere ka\u017ed\u00fd. N\u00e1lepky na ze\u010f jsou vynikaj\u00edc\u00ed dekorace pro ka\u017edou lo\u017enici, ob\u00fdvac\u00ed pokoj nebo dom\u00e1c\u00ed kancel\u00e1\u0159.<\/p>\n<h3><strong>Design, kter\u00fd inspiruje<\/strong><\/h3>\n<p>Objevte \u0161irokou nab\u00eddku motiv\u016f a styl\u016f, kter\u00e9 v\u00fdborn\u011b dopln\u00ed jak\u00e9koli prost\u0159ed\u00ed. Na\u0161e kolekce zahrnuje n\u011b\u017en\u00e9 barevn\u00e9 kv\u011btiny, abstraktn\u00ed motivy, tematick\u00e9 kompozice, mozaiky a mnoho dal\u0161\u00edch vzor\u016f, z\u202fnich\u017e si ka\u017ed\u00fd dok\u00e1\u017ee vybrat ten sv\u016fj. Ka\u017ed\u00fd z\u202fdesign\u016f je na\u0161\u00edm t\u00fdmem vytvo\u0159en s\u202fl\u00e1skou a touhou zajistit, aby do ka\u017ed\u00e9ho prostoru vnesly n\u00e1dech elegance a sofistikovanosti.<\/p>\n<h3><strong>V\u00fdjime\u010dn\u00e1 kvalita<\/strong><\/h3>\n<p>Jsme hrd\u00ed na v\u00fdjime\u010dnou kvalitu na\u0161ich produkt\u016f. Aby odolaly zubu \u010dasu, vyblednut\u00ed a opot\u0159eben\u00ed, jsou vyrobeny z\u202fpr\u00e9miov\u00fdch a odoln\u00fdch materi\u00e1l\u016f.<\/p>\n<p>D\u00edky v\u00edce ne\u017e 20let\u00e9 zku\u0161enosti nab\u00edz\u00edme za rozumnou cenu produkty prvot\u0159\u00eddn\u00ed kvality, jejich\u017e sv\u011b\u017e\u00ed barvy a pozoruhodn\u00e9 detaily vdechnou va\u0161im zdem \u017eivot a zajist\u00ed jejich dlouhodob\u00fd estetick\u00fd p\u016fvab.<\/p>\n<h3><strong>Pr\u00e9miov\u00e9 materi\u00e1ly<\/strong><\/h3>\n<p>Na\u0161e snaha o dokonalost zahrnuje i materi\u00e1ly vyu\u017e\u00edvan\u00e9 p\u0159i v\u00fdrob\u011b na\u0161ich produkt\u016f. D\u00e1v\u00e1me p\u0159ednost evropsk\u00fdm ekologick\u00fdm, udr\u017eiteln\u00fdm materi\u00e1l\u016fm a netoxick\u00fdm inkoust\u016fm bez z\u00e1pachu, kter\u00e9 zaru\u010duj\u00ed nejen bezpe\u010dnost, ekologi\u010dnost a kr\u00e1su ka\u017ed\u00e9 samolepky, ale tak\u00e9 jejich odolnost a dlouhotrvaj\u00edc\u00ed p\u0159ita\u017elivost.<\/p>\n<h3><strong>Certifik\u00e1t Greenguard Gold<\/strong><\/h3>\n<p>Jsme hrd\u00ed dr\u017eitel\u00e9 certifik\u00e1tu <a href=\"https:\/\/agartb2b.eu\/certification\/\"><span style=\"text-decoration: underline;\"><strong>Greenguard Gold<\/strong><\/span><\/a>, kter\u00fd dosv\u011bd\u010duje na\u0161i oddanost kvalit\u011b vzduchu ve va\u0161em domov\u011b, ani\u017e bychom kompromitovali kvalitu sv\u00fdch v\u00fdrobk\u016f. Tento certifik\u00e1t zaru\u010duje, \u017ee se na\u0161e produkty pod\u00edlej\u00ed na zdrav\u011bj\u0161\u00edm vzduchu v\u202fm\u00edstnosti a vytv\u00e1\u0159\u00ed tak bezpe\u010dn\u011bj\u0161\u00ed a pohodln\u011bj\u0161\u00ed prost\u0159ed\u00ed pro V\u00e1s i Va\u0161e bl\u00edzk\u00e9. S\u202fna\u0161imi produkty m\u016f\u017eete sv\u016fj prostor zlep\u0161it bez obav.<\/p>\n<h3><strong>Bezprobl\u00e9mov\u00e1 instalace<\/strong><\/h3>\n<p>S\u202fna\u0161imi produkty je p\u0159em\u011bna Va\u0161ich zd\u00ed bezprobl\u00e9mov\u00e1. Nepot\u0159ebujete \u017e\u00e1dn\u00e9 slo\u017eit\u00e9 n\u00e1stroje ani odborn\u00e9 dovednosti. Snadn\u00fdm procesem lepen\u00ed V\u00e1s krok za krokem provede <span style=\"text-decoration: underline;\"><strong><a href=\"https:\/\/agartb2b.eu\/installation-guide\/\">p\u0159ehledn\u00fd n\u00e1vod<\/a><\/strong><\/span> a Vy se tak co nevid\u011bt m\u016f\u017eete radovat z\u202fnov\u00e9ho vzhledu sv\u00e9ho interi\u00e9ru.<\/p>\n<p>D\u00edky sv\u00fdm vlastnostem p\u0159ilnou na\u0161e samolepky k\u202fjak\u00e9mukoli rovn\u00e9mu, hladk\u00e9mu a \u010dist\u00e9mu povrchu bez pot\u00ed\u017e\u00ed, a to bez ohledu na svoji velikost. Prom\u011b\u0148te sv\u016fj prostor s\u202fna\u0161imi okouzluj\u00edc\u00edmi n\u00e1lepkami na ze\u010f, v\u202fnich\u017e se kombinuje kreativita, pr\u00e9miov\u00e1 kvalita a ekologi\u010dnost.<\/p>\n<p>V\u202fp\u0159\u00edpad\u011b jak\u00fdchkoli dotaz\u016f n\u00e1s bez v\u00e1h\u00e1n\u00ed <span style=\"text-decoration: underline;\"><strong><a href=\"https:\/\/agartb2b.eu\/contact-us\/\">kontaktujte<\/a><\/strong><\/span>.<\/p>\n","protected":false},"excerpt":{"rendered":"<p>Pokud chcete rychle o\u017eivit pr\u00e1zdnou ze\u010f v ob\u00fdvac\u00edm pokoji nebo p\u0159idat z\u00e1bavnou dekoraci do pokoje, samolepky na ze\u010f jsou skv\u011blou volbou.<\/p>\n","protected":false},"featured_media":43083,"template":"","meta":[],"product_brand":[],"product_cat":[437],"product_tag":[],"class_list":{"0":"post-43084","1":"product","2":"type-product","3":"status-publish","4":"has-post-thumbnail","6":"product_cat-samolepky","7":"pa_design-harry-potter","8":"pa_design-kids","9":"pa_material-pvc","10":"pa_size-42-5-cm-x-65-cm","12":"first","13":"instock","14":"taxable","15":"shipping-taxable","16":"product-type-simple"},"_links":{"self":[{"href":"https:\/\/agartb2b.eu\/cs\/wp-json\/wp\/v2\/product\/43084","targetHints":{"allow":["GET"]}}],"collection":[{"href":"https:\/\/agartb2b.eu\/cs\/wp-json\/wp\/v2\/product"}],"about":[{"href":"https:\/\/agartb2b.eu\/cs\/wp-json\/wp\/v2\/types\/product"}],"version-history":[{"count":1,"href":"https:\/\/agartb2b.eu\/cs\/wp-json\/wp\/v2\/product\/43084\/revisions"}],"predecessor-version":[{"id":43088,"href":"https:\/\/agartb2b.eu\/cs\/wp-json\/wp\/v2\/product\/43084\/revisions\/43088"}],"wp:featuredmedia":[{"embeddable":true,"href":"https:\/\/agartb2b.eu\/cs\/wp-json\/wp\/v2\/media\/43083"}],"wp:attachment":[{"href":"https:\/\/agartb2b.eu\/cs\/wp-json\/wp\/v2\/media?parent=43084"}],"wp:term":[{"taxonomy":"product_brand","embeddable":true,"href":"https:\/\/agartb2b.eu\/cs\/wp-json\/wp\/v2\/product_brand?post=43084"},{"taxonomy":"product_cat","embeddable":true,"href":"https:\/\/agartb2b.eu\/cs\/wp-json\/wp\/v2\/product_cat?post=43084"},{"taxonomy":"product_tag","embeddable":true,"href":"https:\/\/agartb2b.eu\/cs\/wp-json\/wp\/v2\/product_tag?post=43084"}],"curies":[{"name":"wp","href":"https:\/\/api.w.org\/{rel}","templated":true}]}}